{"id":9904,"date":"2023-06-28T17:07:02","date_gmt":"2023-06-28T15:07:02","guid":{"rendered":"https:\/\/bernuss.com\/doplnky\/"},"modified":"2026-01-26T12:08:11","modified_gmt":"2026-01-26T11:08:11","slug":"doplnky","status":"publish","type":"page","link":"https:\/\/bernuss.com\/cs\/doplnky\/","title":{"rendered":"Dopl\u0148ky"},"content":{"rendered":"\t\t<div data-elementor-type=\"wp-page\" data-elementor-id=\"9904\" class=\"elementor elementor-9904 elementor-7994\" data-elementor-post-type=\"page\">\n\t\t\t\t\t\t<section class=\"elementor-section elementor-top-section elementor-element elementor-element-f2cc120 elementor-section-full_width elementor-section-height-default elementor-section-height-default elementor-invisible\" data-id=\"f2cc120\" data-element_type=\"section\" data-e-type=\"section\" data-settings=\"{&quot;background_background&quot;:&quot;classic&quot;,&quot;animation&quot;:&quot;fadeIn&quot;}\">\n\t\t\t\t\t\t\t<div class=\"elementor-background-overlay\"><\/div>\n\t\t\t\t\t\t\t<div class=\"elementor-container elementor-column-gap-default\">\n\t\t\t\t\t<div class=\"elementor-column elementor-col-100 elementor-top-column elementor-element elementor-element-f16cf6a\" data-id=\"f16cf6a\" data-element_type=\"column\" data-e-type=\"column\">\n\t\t\t<div class=\"elementor-widget-wrap elementor-element-populated\">\n\t\t\t\t\t\t<div class=\"elementor-element elementor-element-3440b68 elementor-widget elementor-widget-heading\" data-id=\"3440b68\" data-element_type=\"widget\" data-e-type=\"widget\" data-widget_type=\"heading.default\">\n\t\t\t\t<div class=\"elementor-widget-container\">\n\t\t\t\t\t<h1 class=\"elementor-heading-title elementor-size-default\">Dopl\u0148ky do lo\u017enice<\/h1>\t\t\t\t<\/div>\n\t\t\t\t<\/div>\n\t\t\t\t\t<\/div>\n\t\t<\/div>\n\t\t\t\t\t<\/div>\n\t\t<\/section>\n\t\t\t\t<section class=\"elementor-section elementor-top-section elementor-element elementor-element-ebe5b73 elementor-section-boxed elementor-section-height-default elementor-section-height-default elementor-invisible\" data-id=\"ebe5b73\" data-element_type=\"section\" data-e-type=\"section\" data-settings=\"{&quot;animation&quot;:&quot;fadeIn&quot;}\">\n\t\t\t\t\t\t<div class=\"elementor-container elementor-column-gap-default\">\n\t\t\t\t\t<div class=\"elementor-column elementor-col-100 elementor-top-column elementor-element elementor-element-e5bb4fa\" data-id=\"e5bb4fa\" data-element_type=\"column\" data-e-type=\"column\">\n\t\t\t<div class=\"elementor-widget-wrap elementor-element-populated\">\n\t\t\t\t\t\t<div class=\"elementor-element elementor-element-dba9025 elementor-widget elementor-widget-heading\" data-id=\"dba9025\" data-element_type=\"widget\" data-e-type=\"widget\" data-widget_type=\"heading.default\">\n\t\t\t\t<div class=\"elementor-widget-container\">\n\t\t\t\t\t<h2 class=\"elementor-heading-title elementor-size-default\">Obklopte se nejen designov\u00fdmi, ale hlavn\u011b funk\u010dn\u00edmi dopl\u0148ky do lo\u017enice.<\/h2>\t\t\t\t<\/div>\n\t\t\t\t<\/div>\n\t\t\t\t<div class=\"elementor-element elementor-element-fa6732f elementor-widget elementor-widget-text-editor\" data-id=\"fa6732f\" data-element_type=\"widget\" data-e-type=\"widget\" data-widget_type=\"text-editor.default\">\n\t\t\t\t<div class=\"elementor-widget-container\">\n\t\t\t\t\t\t\t\t\t<p>Objevte kvalitn\u00ed dopl\u0148ky pro zdrav\u00fd a komfortn\u00ed sp\u00e1nek, kter\u00e9 dopl\u0148uj\u00ed postelov\u00fd syst\u00e9m Bernuss. V nab\u00eddce naleznete pe\u010dliv\u011b vybran\u00e9 produkty z p\u0159\u00edrodn\u00edch materi\u00e1l\u016f, navr\u017een\u00e9 pro zlep\u0161en\u00ed ergonomie, hygieny a celkov\u00e9ho komfortu p\u0159i sp\u00e1nku. Dopl\u0148ky Bernuss jsou ide\u00e1ln\u00edm \u0159e\u0161en\u00edm pro ty, kdo cht\u011bj\u00ed sv\u016fj sp\u00e1nek doladit do posledn\u00edho detailu.<\/p>\t\t\t\t\t\t\t\t<\/div>\n\t\t\t\t<\/div>\n\t\t\t\t\t<\/div>\n\t\t<\/div>\n\t\t\t\t\t<\/div>\n\t\t<\/section>\n\t\t\t\t<section class=\"elementor-section elementor-top-section elementor-element elementor-element-986300a elementor-section-boxed elementor-section-height-default elementor-section-height-default elementor-invisible\" data-id=\"986300a\" data-element_type=\"section\" data-e-type=\"section\" data-settings=\"{&quot;animation&quot;:&quot;fadeIn&quot;}\">\n\t\t\t\t\t\t<div class=\"elementor-container elementor-column-gap-default\">\n\t\t\t\t\t<div class=\"elementor-column elementor-col-50 elementor-top-column elementor-element elementor-element-b6e7c2c\" data-id=\"b6e7c2c\" data-element_type=\"column\" data-e-type=\"column\">\n\t\t\t<div class=\"elementor-widget-wrap elementor-element-populated\">\n\t\t\t\t\t\t<div class=\"elementor-element elementor-element-8ea1eef elementor-widget elementor-widget-heading\" data-id=\"8ea1eef\" data-element_type=\"widget\" data-e-type=\"widget\" data-widget_type=\"heading.default\">\n\t\t\t\t<div class=\"elementor-widget-container\">\n\t\t\t\t\t<h3 class=\"elementor-heading-title elementor-size-default\">Taburetky<\/h3>\t\t\t\t<\/div>\n\t\t\t\t<\/div>\n\t\t\t\t<div class=\"elementor-element elementor-element-2367c78 elementor-widget elementor-widget-image\" data-id=\"2367c78\" data-element_type=\"widget\" data-e-type=\"widget\" data-widget_type=\"image.default\">\n\t\t\t\t<div class=\"elementor-widget-container\">\n\t\t\t\t\t\t\t\t\t\t\t\t\t\t\t<img fetchpriority=\"high\" decoding=\"async\" width=\"768\" height=\"767\" src=\"https:\/\/bernuss.com\/wp-content\/uploads\/2023\/09\/336A6563_edit_II-768x767.png\" class=\"attachment-medium_large size-medium_large wp-image-14598\" alt=\"taburetka k posteli bernuss\" srcset=\"https:\/\/bernuss.com\/wp-content\/uploads\/2023\/09\/336A6563_edit_II-768x767.png 768w, https:\/\/bernuss.com\/wp-content\/uploads\/2023\/09\/336A6563_edit_II-300x300.png 300w, https:\/\/bernuss.com\/wp-content\/uploads\/2023\/09\/336A6563_edit_II-100x100.png 100w, https:\/\/bernuss.com\/wp-content\/uploads\/2023\/09\/336A6563_edit_II-600x600.png 600w, https:\/\/bernuss.com\/wp-content\/uploads\/2023\/09\/336A6563_edit_II-1024x1024.png 1024w, https:\/\/bernuss.com\/wp-content\/uploads\/2023\/09\/336A6563_edit_II-150x150.png 150w, https:\/\/bernuss.com\/wp-content\/uploads\/2023\/09\/336A6563_edit_II-1536x1536.png 1536w, https:\/\/bernuss.com\/wp-content\/uploads\/2023\/09\/336A6563_edit_II-2048x2048.png 2048w, https:\/\/bernuss.com\/wp-content\/uploads\/2023\/09\/336A6563_edit_II-650x650.png 650w, https:\/\/bernuss.com\/wp-content\/uploads\/2023\/09\/336A6563_edit_II-1300x1300.png 1300w\" sizes=\"(max-width: 768px) 100vw, 768px\" \/>\t\t\t\t\t\t\t\t\t\t\t\t\t\t\t<\/div>\n\t\t\t\t<\/div>\n\t\t\t\t\t<\/div>\n\t\t<\/div>\n\t\t\t\t<div class=\"elementor-column elementor-col-50 elementor-top-column elementor-element elementor-element-b3cd89e\" data-id=\"b3cd89e\" data-element_type=\"column\" data-e-type=\"column\">\n\t\t\t<div class=\"elementor-widget-wrap elementor-element-populated\">\n\t\t\t\t\t\t<div class=\"elementor-element elementor-element-5a2013f elementor-widget elementor-widget-heading\" data-id=\"5a2013f\" data-element_type=\"widget\" data-e-type=\"widget\" data-widget_type=\"heading.default\">\n\t\t\t\t<div class=\"elementor-widget-container\">\n\t\t\t\t\t<h3 class=\"elementor-heading-title elementor-size-default\">Lo\u017en\u00ed pr\u00e1dlo<\/h3>\t\t\t\t<\/div>\n\t\t\t\t<\/div>\n\t\t\t\t<div class=\"elementor-element elementor-element-03cc2d7 elementor-widget elementor-widget-image\" data-id=\"03cc2d7\" data-element_type=\"widget\" data-e-type=\"widget\" data-widget_type=\"image.default\">\n\t\t\t\t<div class=\"elementor-widget-container\">\n\t\t\t\t\t\t\t\t\t\t\t\t\t\t\t<img decoding=\"async\" width=\"768\" height=\"768\" src=\"https:\/\/bernuss.com\/wp-content\/uploads\/2023\/06\/NAVLIECKA-_-SET-BIELA-768x768.jpg\" class=\"attachment-medium_large size-medium_large wp-image-14631\" alt=\"biely set navliecky bernuss\" srcset=\"https:\/\/bernuss.com\/wp-content\/uploads\/2023\/06\/NAVLIECKA-_-SET-BIELA-768x768.jpg 768w, https:\/\/bernuss.com\/wp-content\/uploads\/2023\/06\/NAVLIECKA-_-SET-BIELA-300x300.jpg 300w, https:\/\/bernuss.com\/wp-content\/uploads\/2023\/06\/NAVLIECKA-_-SET-BIELA-100x100.jpg 100w, https:\/\/bernuss.com\/wp-content\/uploads\/2023\/06\/NAVLIECKA-_-SET-BIELA-600x600.jpg 600w, https:\/\/bernuss.com\/wp-content\/uploads\/2023\/06\/NAVLIECKA-_-SET-BIELA-1024x1024.jpg 1024w, https:\/\/bernuss.com\/wp-content\/uploads\/2023\/06\/NAVLIECKA-_-SET-BIELA-150x150.jpg 150w, https:\/\/bernuss.com\/wp-content\/uploads\/2023\/06\/NAVLIECKA-_-SET-BIELA-1536x1536.jpg 1536w, https:\/\/bernuss.com\/wp-content\/uploads\/2023\/06\/NAVLIECKA-_-SET-BIELA-2048x2048.jpg 2048w, https:\/\/bernuss.com\/wp-content\/uploads\/2023\/06\/NAVLIECKA-_-SET-BIELA-650x650.jpg 650w, https:\/\/bernuss.com\/wp-content\/uploads\/2023\/06\/NAVLIECKA-_-SET-BIELA-1300x1300.jpg 1300w\" sizes=\"(max-width: 768px) 100vw, 768px\" \/>\t\t\t\t\t\t\t\t\t\t\t\t\t\t\t<\/div>\n\t\t\t\t<\/div>\n\t\t\t\t\t<\/div>\n\t\t<\/div>\n\t\t\t\t\t<\/div>\n\t\t<\/section>\n\t\t\t\t<section class=\"elementor-section elementor-top-section elementor-element elementor-element-be15969 elementor-hidden-desktop elementor-hidden-tablet elementor-hidden-mobile elementor-section-boxed elementor-section-height-default elementor-section-height-default elementor-invisible\" data-id=\"be15969\" data-element_type=\"section\" data-e-type=\"section\" data-settings=\"{&quot;animation&quot;:&quot;fadeIn&quot;}\">\n\t\t\t\t\t\t<div class=\"elementor-container elementor-column-gap-default\">\n\t\t\t\t\t<div class=\"elementor-column elementor-col-50 elementor-top-column elementor-element elementor-element-3d0eee7\" data-id=\"3d0eee7\" data-element_type=\"column\" data-e-type=\"column\">\n\t\t\t<div class=\"elementor-widget-wrap elementor-element-populated\">\n\t\t\t\t\t\t<div class=\"elementor-element elementor-element-a0a5e1f elementor-widget elementor-widget-image\" data-id=\"a0a5e1f\" data-element_type=\"widget\" data-e-type=\"widget\" data-widget_type=\"image.default\">\n\t\t\t\t<div class=\"elementor-widget-container\">\n\t\t\t\t\t\t\t\t\t\t\t\t\t\t\t<img decoding=\"async\" width=\"1024\" height=\"1024\" src=\"https:\/\/bernuss.com\/wp-content\/uploads\/2021\/03\/woocommerce-placeholder-1-1024x1024.png\" class=\"attachment-large size-large wp-image-6816\" alt=\"\" srcset=\"https:\/\/bernuss.com\/wp-content\/uploads\/2021\/03\/woocommerce-placeholder-1-1024x1024.png 1024w, https:\/\/bernuss.com\/wp-content\/uploads\/2021\/03\/woocommerce-placeholder-1-300x300.png 300w, https:\/\/bernuss.com\/wp-content\/uploads\/2021\/03\/woocommerce-placeholder-1-100x100.png 100w, https:\/\/bernuss.com\/wp-content\/uploads\/2021\/03\/woocommerce-placeholder-1-600x600.png 600w, https:\/\/bernuss.com\/wp-content\/uploads\/2021\/03\/woocommerce-placeholder-1-150x150.png 150w, https:\/\/bernuss.com\/wp-content\/uploads\/2021\/03\/woocommerce-placeholder-1-768x768.png 768w, https:\/\/bernuss.com\/wp-content\/uploads\/2021\/03\/woocommerce-placeholder-1-650x650.png 650w, https:\/\/bernuss.com\/wp-content\/uploads\/2021\/03\/woocommerce-placeholder-1.png 1200w\" sizes=\"(max-width: 1024px) 100vw, 1024px\" \/>\t\t\t\t\t\t\t\t\t\t\t\t\t\t\t<\/div>\n\t\t\t\t<\/div>\n\t\t\t\t\t<\/div>\n\t\t<\/div>\n\t\t\t\t<div class=\"elementor-column elementor-col-50 elementor-top-column elementor-element elementor-element-39ed4bf\" data-id=\"39ed4bf\" data-element_type=\"column\" data-e-type=\"column\">\n\t\t\t<div class=\"elementor-widget-wrap elementor-element-populated\">\n\t\t\t\t\t\t<div class=\"elementor-element elementor-element-d2162ca elementor-widget elementor-widget-image\" data-id=\"d2162ca\" data-element_type=\"widget\" data-e-type=\"widget\" data-widget_type=\"image.default\">\n\t\t\t\t<div class=\"elementor-widget-container\">\n\t\t\t\t\t\t\t\t\t\t\t\t\t\t\t<img decoding=\"async\" width=\"1024\" height=\"1024\" src=\"https:\/\/bernuss.com\/wp-content\/uploads\/2021\/03\/woocommerce-placeholder-1-1024x1024.png\" class=\"attachment-large size-large wp-image-6816\" alt=\"\" srcset=\"https:\/\/bernuss.com\/wp-content\/uploads\/2021\/03\/woocommerce-placeholder-1-1024x1024.png 1024w, https:\/\/bernuss.com\/wp-content\/uploads\/2021\/03\/woocommerce-placeholder-1-300x300.png 300w, https:\/\/bernuss.com\/wp-content\/uploads\/2021\/03\/woocommerce-placeholder-1-100x100.png 100w, https:\/\/bernuss.com\/wp-content\/uploads\/2021\/03\/woocommerce-placeholder-1-600x600.png 600w, https:\/\/bernuss.com\/wp-content\/uploads\/2021\/03\/woocommerce-placeholder-1-150x150.png 150w, https:\/\/bernuss.com\/wp-content\/uploads\/2021\/03\/woocommerce-placeholder-1-768x768.png 768w, https:\/\/bernuss.com\/wp-content\/uploads\/2021\/03\/woocommerce-placeholder-1-650x650.png 650w, https:\/\/bernuss.com\/wp-content\/uploads\/2021\/03\/woocommerce-placeholder-1.png 1200w\" sizes=\"(max-width: 1024px) 100vw, 1024px\" \/>\t\t\t\t\t\t\t\t\t\t\t\t\t\t\t<\/div>\n\t\t\t\t<\/div>\n\t\t\t\t\t<\/div>\n\t\t<\/div>\n\t\t\t\t\t<\/div>\n\t\t<\/section>\n\t\t\t\t<section class=\"elementor-section elementor-top-section elementor-element elementor-element-2a2575e elementor-section-boxed elementor-section-height-default elementor-section-height-default elementor-invisible\" data-id=\"2a2575e\" data-element_type=\"section\" data-e-type=\"section\" data-settings=\"{&quot;animation&quot;:&quot;fadeIn&quot;}\">\n\t\t\t\t\t\t<div class=\"elementor-container elementor-column-gap-default\">\n\t\t\t\t\t<div class=\"elementor-column elementor-col-50 elementor-top-column elementor-element elementor-element-8e29e0d\" data-id=\"8e29e0d\" data-element_type=\"column\" data-e-type=\"column\">\n\t\t\t<div class=\"elementor-widget-wrap elementor-element-populated\">\n\t\t\t\t\t\t<div class=\"elementor-element elementor-element-9e04cc9 elementor-widget elementor-widget-heading\" data-id=\"9e04cc9\" data-element_type=\"widget\" data-e-type=\"widget\" data-widget_type=\"heading.default\">\n\t\t\t\t<div class=\"elementor-widget-container\">\n\t\t\t\t\t<h3 class=\"elementor-heading-title elementor-size-default\">P\u0159ehozy a deky<\/h3>\t\t\t\t<\/div>\n\t\t\t\t<\/div>\n\t\t\t\t<div class=\"elementor-element elementor-element-9f871a1 elementor-widget elementor-widget-image\" data-id=\"9f871a1\" data-element_type=\"widget\" data-e-type=\"widget\" data-widget_type=\"image.default\">\n\t\t\t\t<div class=\"elementor-widget-container\">\n\t\t\t\t\t\t\t\t\t\t\t\t\t\t\t<img loading=\"lazy\" decoding=\"async\" width=\"768\" height=\"768\" src=\"https:\/\/bernuss.com\/wp-content\/uploads\/2023\/06\/PLACHTA-_-KREM-_-1-768x768.jpg\" class=\"attachment-medium_large size-medium_large wp-image-14627\" alt=\"kremova plachta bernuss\" srcset=\"https:\/\/bernuss.com\/wp-content\/uploads\/2023\/06\/PLACHTA-_-KREM-_-1-768x768.jpg 768w, https:\/\/bernuss.com\/wp-content\/uploads\/2023\/06\/PLACHTA-_-KREM-_-1-300x300.jpg 300w, https:\/\/bernuss.com\/wp-content\/uploads\/2023\/06\/PLACHTA-_-KREM-_-1-100x100.jpg 100w, https:\/\/bernuss.com\/wp-content\/uploads\/2023\/06\/PLACHTA-_-KREM-_-1-600x600.jpg 600w, https:\/\/bernuss.com\/wp-content\/uploads\/2023\/06\/PLACHTA-_-KREM-_-1-1024x1024.jpg 1024w, https:\/\/bernuss.com\/wp-content\/uploads\/2023\/06\/PLACHTA-_-KREM-_-1-150x150.jpg 150w, https:\/\/bernuss.com\/wp-content\/uploads\/2023\/06\/PLACHTA-_-KREM-_-1-1536x1536.jpg 1536w, https:\/\/bernuss.com\/wp-content\/uploads\/2023\/06\/PLACHTA-_-KREM-_-1-2048x2048.jpg 2048w, https:\/\/bernuss.com\/wp-content\/uploads\/2023\/06\/PLACHTA-_-KREM-_-1-650x650.jpg 650w, https:\/\/bernuss.com\/wp-content\/uploads\/2023\/06\/PLACHTA-_-KREM-_-1-1300x1300.jpg 1300w\" sizes=\"(max-width: 768px) 100vw, 768px\" \/>\t\t\t\t\t\t\t\t\t\t\t\t\t\t\t<\/div>\n\t\t\t\t<\/div>\n\t\t\t\t\t<\/div>\n\t\t<\/div>\n\t\t\t\t<div class=\"elementor-column elementor-col-50 elementor-top-column elementor-element elementor-element-59c034a\" data-id=\"59c034a\" data-element_type=\"column\" data-e-type=\"column\">\n\t\t\t<div class=\"elementor-widget-wrap elementor-element-populated\">\n\t\t\t\t\t\t<div class=\"elementor-element elementor-element-7b15503 elementor-widget elementor-widget-heading\" data-id=\"7b15503\" data-element_type=\"widget\" data-e-type=\"widget\" data-widget_type=\"heading.default\">\n\t\t\t\t<div class=\"elementor-widget-container\">\n\t\t\t\t\t<h3 class=\"elementor-heading-title elementor-size-default\">P\u0159ikr\u00fdvky a pol\u0161t\u00e1\u0159e<\/h3>\t\t\t\t<\/div>\n\t\t\t\t<\/div>\n\t\t\t\t<div class=\"elementor-element elementor-element-4ada0a9 elementor-widget elementor-widget-image\" data-id=\"4ada0a9\" data-element_type=\"widget\" data-e-type=\"widget\" data-widget_type=\"image.default\">\n\t\t\t\t<div class=\"elementor-widget-container\">\n\t\t\t\t\t\t\t\t\t\t\t\t\t\t\t<img loading=\"lazy\" decoding=\"async\" width=\"768\" height=\"768\" src=\"https:\/\/bernuss.com\/wp-content\/uploads\/2023\/06\/PERINA-768x768.jpg\" class=\"attachment-medium_large size-medium_large wp-image-14626\" alt=\"perina bernuss\" srcset=\"https:\/\/bernuss.com\/wp-content\/uploads\/2023\/06\/PERINA-768x768.jpg 768w, https:\/\/bernuss.com\/wp-content\/uploads\/2023\/06\/PERINA-300x300.jpg 300w, https:\/\/bernuss.com\/wp-content\/uploads\/2023\/06\/PERINA-100x100.jpg 100w, https:\/\/bernuss.com\/wp-content\/uploads\/2023\/06\/PERINA-600x600.jpg 600w, https:\/\/bernuss.com\/wp-content\/uploads\/2023\/06\/PERINA-1024x1024.jpg 1024w, https:\/\/bernuss.com\/wp-content\/uploads\/2023\/06\/PERINA-150x150.jpg 150w, https:\/\/bernuss.com\/wp-content\/uploads\/2023\/06\/PERINA-1536x1536.jpg 1536w, https:\/\/bernuss.com\/wp-content\/uploads\/2023\/06\/PERINA-2048x2048.jpg 2048w, https:\/\/bernuss.com\/wp-content\/uploads\/2023\/06\/PERINA-650x650.jpg 650w, https:\/\/bernuss.com\/wp-content\/uploads\/2023\/06\/PERINA-1300x1300.jpg 1300w\" sizes=\"(max-width: 768px) 100vw, 768px\" \/>\t\t\t\t\t\t\t\t\t\t\t\t\t\t\t<\/div>\n\t\t\t\t<\/div>\n\t\t\t\t\t<\/div>\n\t\t<\/div>\n\t\t\t\t\t<\/div>\n\t\t<\/section>\n\t\t\t\t<section class=\"elementor-section elementor-top-section elementor-element elementor-element-3dca9cb elementor-section-boxed elementor-section-height-default elementor-section-height-default elementor-invisible\" data-id=\"3dca9cb\" data-element_type=\"section\" data-e-type=\"section\" data-settings=\"{&quot;animation&quot;:&quot;fadeIn&quot;}\">\n\t\t\t\t\t\t<div class=\"elementor-container elementor-column-gap-default\">\n\t\t\t\t\t<div class=\"elementor-column elementor-col-50 elementor-top-column elementor-element elementor-element-b0c12a6\" data-id=\"b0c12a6\" data-element_type=\"column\" data-e-type=\"column\">\n\t\t\t<div class=\"elementor-widget-wrap elementor-element-populated\">\n\t\t\t\t\t\t<div class=\"elementor-element elementor-element-5464a91 elementor-widget elementor-widget-heading\" data-id=\"5464a91\" data-element_type=\"widget\" data-e-type=\"widget\" data-widget_type=\"heading.default\">\n\t\t\t\t<div class=\"elementor-widget-container\">\n\t\t\t\t\t<h3 class=\"elementor-heading-title elementor-size-default\">Dekorat\u00edvn\u00ed n\u00e1vleky<\/h3>\t\t\t\t<\/div>\n\t\t\t\t<\/div>\n\t\t\t\t<div class=\"elementor-element elementor-element-72a3639 elementor-widget elementor-widget-image\" data-id=\"72a3639\" data-element_type=\"widget\" data-e-type=\"widget\" data-widget_type=\"image.default\">\n\t\t\t\t<div class=\"elementor-widget-container\">\n\t\t\t\t\t\t\t\t\t\t\t\t\t\t\t<img loading=\"lazy\" decoding=\"async\" width=\"768\" height=\"768\" src=\"https:\/\/bernuss.com\/wp-content\/uploads\/2023\/06\/NAVLIECKA-_-SET-MODRA-768x768.jpg\" class=\"attachment-medium_large size-medium_large wp-image-14628\" alt=\"modry set navliecky bernuss\" srcset=\"https:\/\/bernuss.com\/wp-content\/uploads\/2023\/06\/NAVLIECKA-_-SET-MODRA-768x768.jpg 768w, https:\/\/bernuss.com\/wp-content\/uploads\/2023\/06\/NAVLIECKA-_-SET-MODRA-300x300.jpg 300w, https:\/\/bernuss.com\/wp-content\/uploads\/2023\/06\/NAVLIECKA-_-SET-MODRA-100x100.jpg 100w, https:\/\/bernuss.com\/wp-content\/uploads\/2023\/06\/NAVLIECKA-_-SET-MODRA-600x600.jpg 600w, https:\/\/bernuss.com\/wp-content\/uploads\/2023\/06\/NAVLIECKA-_-SET-MODRA-1024x1024.jpg 1024w, https:\/\/bernuss.com\/wp-content\/uploads\/2023\/06\/NAVLIECKA-_-SET-MODRA-150x150.jpg 150w, https:\/\/bernuss.com\/wp-content\/uploads\/2023\/06\/NAVLIECKA-_-SET-MODRA-1536x1536.jpg 1536w, https:\/\/bernuss.com\/wp-content\/uploads\/2023\/06\/NAVLIECKA-_-SET-MODRA-2048x2048.jpg 2048w, https:\/\/bernuss.com\/wp-content\/uploads\/2023\/06\/NAVLIECKA-_-SET-MODRA-650x650.jpg 650w, https:\/\/bernuss.com\/wp-content\/uploads\/2023\/06\/NAVLIECKA-_-SET-MODRA-1300x1300.jpg 1300w\" sizes=\"(max-width: 768px) 100vw, 768px\" \/>\t\t\t\t\t\t\t\t\t\t\t\t\t\t\t<\/div>\n\t\t\t\t<\/div>\n\t\t\t\t\t<\/div>\n\t\t<\/div>\n\t\t\t\t<div class=\"elementor-column elementor-col-50 elementor-top-column elementor-element elementor-element-600e52b\" data-id=\"600e52b\" data-element_type=\"column\" data-e-type=\"column\">\n\t\t\t<div class=\"elementor-widget-wrap\">\n\t\t\t\t\t\t\t<\/div>\n\t\t<\/div>\n\t\t\t\t\t<\/div>\n\t\t<\/section>\n\t\t\t\t<\/div>\n\t\t","protected":false},"excerpt":{"rendered":"<p>Dopl\u0148ky do lo\u017enice Obklopte se nejen designov\u00fdmi, ale hlavn\u011b funk\u010dn\u00edmi dopl\u0148ky do lo\u017enice. Objevte kvalitn\u00ed dopl\u0148ky pro zdrav\u00fd a komfortn\u00ed [&hellip;]<\/p>\n","protected":false},"author":2,"featured_media":0,"parent":0,"menu_order":0,"comment_status":"closed","ping_status":"closed","template":"elementor_theme","meta":{"site-sidebar-layout":"default","site-content-layout":"","ast-site-content-layout":"full-width-container","site-content-style":"default","site-sidebar-style":"default","ast-global-header-display":"","ast-banner-title-visibility":"","ast-main-header-display":"","ast-hfb-above-header-display":"","ast-hfb-below-header-display":"","ast-hfb-mobile-header-display":"","site-post-title":"disabled","ast-breadcrumbs-content":"","ast-featured-img":"","footer-sml-layout":"","ast-disable-related-posts":"","theme-transparent-header-meta":"","adv-header-id-meta":"","stick-header-meta":"","header-above-stick-meta":"","header-main-stick-meta":"","header-below-stick-meta":"","astra-migrate-meta-layouts":"default","ast-page-background-enabled":"default","ast-page-background-meta":{"desktop":{"background-color":"var(--ast-global-color-5)","background-image":"","background-repeat":"repeat","background-position":"center center","background-size":"auto","background-attachment":"scroll","background-type":"","background-media":"","overlay-type":"","overlay-color":"","overlay-opacity":"","overlay-gradient":""},"tablet":{"background-color":"","background-image":"","background-repeat":"repeat","background-position":"center center","background-size":"auto","background-attachment":"scroll","background-type":"","background-media":"","overlay-type":"","overlay-color":"","overlay-opacity":"","overlay-gradient":""},"mobile":{"background-color":"","background-image":"","background-repeat":"repeat","background-position":"center center","background-size":"auto","background-attachment":"scroll","background-type":"","background-media":"","overlay-type":"","overlay-color":"","overlay-opacity":"","overlay-gradient":""}},"ast-content-background-meta":{"desktop":{"background-color":"var(--ast-global-color-4)","background-image":"","background-repeat":"repeat","background-position":"center center","background-size":"auto","background-attachment":"scroll","background-type":"","background-media":"","overlay-type":"","overlay-color":"","overlay-opacity":"","overlay-gradient":""},"tablet":{"background-color":"var(--ast-global-color-4)","background-image":"","background-repeat":"repeat","background-position":"center center","background-size":"auto","background-attachment":"scroll","background-type":"","background-media":"","overlay-type":"","overlay-color":"","overlay-opacity":"","overlay-gradient":""},"mobile":{"background-color":"var(--ast-global-color-4)","background-image":"","background-repeat":"repeat","background-position":"center center","background-size":"auto","background-attachment":"scroll","background-type":"","background-media":"","overlay-type":"","overlay-color":"","overlay-opacity":"","overlay-gradient":""}},"footnotes":""},"class_list":["post-9904","page","type-page","status-publish","hentry"],"_links":{"self":[{"href":"https:\/\/bernuss.com\/cs\/wp-json\/wp\/v2\/pages\/9904","targetHints":{"allow":["GET"]}}],"collection":[{"href":"https:\/\/bernuss.com\/cs\/wp-json\/wp\/v2\/pages"}],"about":[{"href":"https:\/\/bernuss.com\/cs\/wp-json\/wp\/v2\/types\/page"}],"author":[{"embeddable":true,"href":"https:\/\/bernuss.com\/cs\/wp-json\/wp\/v2\/users\/2"}],"replies":[{"embeddable":true,"href":"https:\/\/bernuss.com\/cs\/wp-json\/wp\/v2\/comments?post=9904"}],"version-history":[{"count":8,"href":"https:\/\/bernuss.com\/cs\/wp-json\/wp\/v2\/pages\/9904\/revisions"}],"predecessor-version":[{"id":14560,"href":"https:\/\/bernuss.com\/cs\/wp-json\/wp\/v2\/pages\/9904\/revisions\/14560"}],"wp:attachment":[{"href":"https:\/\/bernuss.com\/cs\/wp-json\/wp\/v2\/media?parent=9904"}],"curies":[{"name":"wp","href":"https:\/\/api.w.org\/{rel}","templated":true}]}}