{"id":9908,"date":"2021-04-20T14:59:29","date_gmt":"2021-04-20T12:59:29","guid":{"rendered":"https:\/\/bernuss.com\/nas-pribeh\/"},"modified":"2026-03-10T12:57:35","modified_gmt":"2026-03-10T11:57:35","slug":"nas-pribeh","status":"publish","type":"page","link":"https:\/\/bernuss.com\/cs\/nas-pribeh\/","title":{"rendered":"N\u00e1\u0161 p\u0159\u00edb\u011bh"},"content":{"rendered":"\t\t<div data-elementor-type=\"wp-page\" data-elementor-id=\"9908\" class=\"elementor elementor-9908 elementor-2000\" data-elementor-post-type=\"page\">\n\t\t\t\t\t\t<section class=\"elementor-section elementor-top-section elementor-element elementor-element-6c1e2aa0 elementor-section-full_width elementor-section-height-default elementor-section-height-default elementor-invisible\" data-id=\"6c1e2aa0\" data-element_type=\"section\" data-e-type=\"section\" data-settings=\"{&quot;background_background&quot;:&quot;classic&quot;,&quot;animation&quot;:&quot;fadeIn&quot;}\">\n\t\t\t\t\t\t\t<div class=\"elementor-background-overlay\"><\/div>\n\t\t\t\t\t\t\t<div class=\"elementor-container elementor-column-gap-default\">\n\t\t\t\t\t<div class=\"elementor-column elementor-col-100 elementor-top-column elementor-element elementor-element-58d80f57\" data-id=\"58d80f57\" data-element_type=\"column\" data-e-type=\"column\">\n\t\t\t<div class=\"elementor-widget-wrap elementor-element-populated\">\n\t\t\t\t\t\t<div class=\"elementor-element elementor-element-3fc7a44 elementor-widget elementor-widget-heading\" data-id=\"3fc7a44\" data-element_type=\"widget\" data-e-type=\"widget\" data-widget_type=\"heading.default\">\n\t\t\t\t<div class=\"elementor-widget-container\">\n\t\t\t\t\t<h1 class=\"elementor-heading-title elementor-size-default\">SEZNAMTE SE S P\u0158\u00cdB\u011aHEM SLOVENSK\u00ddCH POSTEL\u00cd BERNUSS<\/h1>\t\t\t\t<\/div>\n\t\t\t\t<\/div>\n\t\t\t\t\t<\/div>\n\t\t<\/div>\n\t\t\t\t\t<\/div>\n\t\t<\/section>\n\t\t\t\t<section class=\"elementor-section elementor-top-section elementor-element elementor-element-de662f6 elementor-section-boxed elementor-section-height-default elementor-section-height-default elementor-invisible\" data-id=\"de662f6\" data-element_type=\"section\" data-e-type=\"section\" data-settings=\"{&quot;animation&quot;:&quot;fadeIn&quot;}\">\n\t\t\t\t\t\t<div class=\"elementor-container elementor-column-gap-default\">\n\t\t\t\t\t<div class=\"elementor-column elementor-col-100 elementor-top-column elementor-element elementor-element-bd1716b\" data-id=\"bd1716b\" data-element_type=\"column\" data-e-type=\"column\">\n\t\t\t<div class=\"elementor-widget-wrap elementor-element-populated\">\n\t\t\t\t\t\t<div class=\"elementor-element elementor-element-620d9c3 elementor-widget elementor-widget-heading\" data-id=\"620d9c3\" data-element_type=\"widget\" data-e-type=\"widget\" data-widget_type=\"heading.default\">\n\t\t\t\t<div class=\"elementor-widget-container\">\n\t\t\t\t\t<h2 class=\"elementor-heading-title elementor-size-default\"><span data-elementor-setting-key=\"title\" data-pen-placeholder=\"Type Here...\" style=\"border: 0px;vertical-align: baseline;clear: none;line-height: 1.3em\">Posl\u00e1n\u00ed<\/span><\/h2>\t\t\t\t<\/div>\n\t\t\t\t<\/div>\n\t\t\t\t<div class=\"elementor-element elementor-element-d7b96f0 elementor-widget elementor-widget-icon-box\" data-id=\"d7b96f0\" data-element_type=\"widget\" data-e-type=\"widget\" data-widget_type=\"icon-box.default\">\n\t\t\t\t<div class=\"elementor-widget-container\">\n\t\t\t\t\t\t\t<div class=\"elementor-icon-box-wrapper\">\n\n\t\t\t\n\t\t\t\t\t\t<div class=\"elementor-icon-box-content\">\n\n\t\t\t\t\t\t\t\t\t<h3 class=\"elementor-icon-box-title\">\n\t\t\t\t\t\t<span  >\n\t\t\t\t\t\t\tNA\u0160\u00cdM POSL\u00c1N\u00cdM JE ZDRAV\u00dd SP\u00c1NEK\t\t\t\t\t\t<\/span>\n\t\t\t\t\t<\/h3>\n\t\t\t\t\n\t\t\t\t\t\t\t\t\t<p class=\"elementor-icon-box-description\">\n\t\t\t\t\t\tP\u0159\u00edb\u011bh postel\u00ed Bernuss se za\u010dal ps\u00e1t d\u00e1vno p\u0159ed t\u00edm, ne\u017e vznikla samotn\u00e1 zna\u010dka. J\u00e1n Neh\u00e9z, n\u00e1\u0161 zakladatel, otev\u0159el v roce 2012 v Bratislav\u011b prodejnu postel\u00ed \u2013 ale to, co bral jako vedlej\u0161\u00ed podnik\u00e1n\u00ed, p\u0159erostlo v posl\u00e1n\u00ed pom\u00e1hat lidem vyspat se l\u00e9pe, kvalitn\u011bji a zdrav\u011bji. V roce 2014 zalo\u017eil vlastn\u00ed zna\u010dku ru\u010dn\u011b vyr\u00e1b\u011bn\u00fdch postel\u00ed, kter\u00e9 vy\u0161perkovaly sp\u00e1nek klient\u016f k dokonalosti, a to v nad\u010dasov\u00e9m designu, v souladu s p\u0159\u00edrodou a bez kompromis\u016f.\t\t\t\t\t<\/p>\n\t\t\t\t\n\t\t\t<\/div>\n\t\t\t\n\t\t<\/div>\n\t\t\t\t\t\t<\/div>\n\t\t\t\t<\/div>\n\t\t\t\t\t<\/div>\n\t\t<\/div>\n\t\t\t\t\t<\/div>\n\t\t<\/section>\n\t\t\t\t<section class=\"elementor-section elementor-top-section elementor-element elementor-element-e10d1c6 elementor-section-full_width elementor-section-height-min-height elementor-section-height-default elementor-section-items-middle elementor-invisible\" data-id=\"e10d1c6\" data-element_type=\"section\" data-e-type=\"section\" data-settings=\"{&quot;background_background&quot;:&quot;classic&quot;,&quot;animation&quot;:&quot;fadeIn&quot;}\">\n\t\t\t\t\t\t\t<div class=\"elementor-background-overlay\"><\/div>\n\t\t\t\t\t\t\t<div class=\"elementor-container elementor-column-gap-default\">\n\t\t\t\t\t<div class=\"elementor-column elementor-col-100 elementor-top-column elementor-element elementor-element-4a28392\" data-id=\"4a28392\" data-element_type=\"column\" data-e-type=\"column\">\n\t\t\t<div class=\"elementor-widget-wrap\">\n\t\t\t\t\t\t\t<\/div>\n\t\t<\/div>\n\t\t\t\t\t<\/div>\n\t\t<\/section>\n\t\t\t\t<section class=\"elementor-section elementor-top-section elementor-element elementor-element-2db95d1 elementor-section-boxed elementor-section-height-default elementor-section-height-default elementor-invisible\" data-id=\"2db95d1\" data-element_type=\"section\" data-e-type=\"section\" data-settings=\"{&quot;animation&quot;:&quot;fadeIn&quot;}\">\n\t\t\t\t\t\t<div class=\"elementor-container elementor-column-gap-default\">\n\t\t\t\t\t<div class=\"elementor-column elementor-col-100 elementor-top-column elementor-element elementor-element-219dd53\" data-id=\"219dd53\" data-element_type=\"column\" data-e-type=\"column\">\n\t\t\t<div class=\"elementor-widget-wrap elementor-element-populated\">\n\t\t\t\t\t\t<div class=\"elementor-element elementor-element-603358d elementor-widget elementor-widget-icon-box\" data-id=\"603358d\" data-element_type=\"widget\" data-e-type=\"widget\" data-widget_type=\"icon-box.default\">\n\t\t\t\t<div class=\"elementor-widget-container\">\n\t\t\t\t\t\t\t<div class=\"elementor-icon-box-wrapper\">\n\n\t\t\t\n\t\t\t\t\t\t<div class=\"elementor-icon-box-content\">\n\n\t\t\t\t\t\t\t\t\t<h3 class=\"elementor-icon-box-title\">\n\t\t\t\t\t\t<span  >\n\t\t\t\t\t\t\t\u0158EMESLO M\u00c1ME V RODIN\u011a\t\t\t\t\t\t<\/span>\n\t\t\t\t\t<\/h3>\n\t\t\t\t\n\t\t\t\t\t\t\t\t\t<p class=\"elementor-icon-box-description\">\n\t\t\t\t\t\tO\u017eivil truhl\u00e1\u0159sk\u00e9 \u0159emeslo, kter\u00e9 m\u011blo v jeho rodin\u011b tradici po generace, a spolu se zku\u0161en\u00fdmi \u0159emesln\u00edky zah\u00e1jil v malebn\u00e9 Nov\u00e9 Dedin\u011b v\u00fdrobu pr\u00e9miov\u00fdch postel\u00ed na m\u00edru. Bez strojov\u00e9 automatizace, jen s poctivou ru\u010dn\u00ed prac\u00ed, pozorn\u00fdm okem a nezpochybniteln\u00fdmi zku\u0161enostmi. I d\u00edky tomu si dnes z\u00e1kazn\u00edci z cel\u00e9ho sv\u011bta mohou plnit sny o dokonal\u00e9m sp\u00e1nku v postel\u00edch z nejkvalitn\u011bj\u0161\u00edch p\u0159\u00edrodn\u00edch materi\u00e1l\u016f a p\u0159esn\u011b na m\u00edru sv\u00fdm pot\u0159eb\u00e1m.\t\t\t\t\t<\/p>\n\t\t\t\t\n\t\t\t<\/div>\n\t\t\t\n\t\t<\/div>\n\t\t\t\t\t\t<\/div>\n\t\t\t\t<\/div>\n\t\t\t\t\t<\/div>\n\t\t<\/div>\n\t\t\t\t\t<\/div>\n\t\t<\/section>\n\t\t\t\t<section class=\"elementor-section elementor-top-section elementor-element elementor-element-a59a5bc elementor-section-full_width elementor-section-height-min-height elementor-section-height-default elementor-section-items-middle elementor-invisible\" data-id=\"a59a5bc\" data-element_type=\"section\" data-e-type=\"section\" data-settings=\"{&quot;background_background&quot;:&quot;classic&quot;,&quot;animation&quot;:&quot;fadeIn&quot;}\">\n\t\t\t\t\t\t\t<div class=\"elementor-background-overlay\"><\/div>\n\t\t\t\t\t\t\t<div class=\"elementor-container elementor-column-gap-default\">\n\t\t\t\t\t<div class=\"elementor-column elementor-col-100 elementor-top-column elementor-element elementor-element-4726ba3\" data-id=\"4726ba3\" data-element_type=\"column\" data-e-type=\"column\">\n\t\t\t<div class=\"elementor-widget-wrap\">\n\t\t\t\t\t\t\t<\/div>\n\t\t<\/div>\n\t\t\t\t\t<\/div>\n\t\t<\/section>\n\t\t\t\t<section class=\"elementor-section elementor-top-section elementor-element elementor-element-d2fbedb elementor-section-boxed elementor-section-height-default elementor-section-height-default elementor-invisible\" data-id=\"d2fbedb\" data-element_type=\"section\" data-e-type=\"section\" data-settings=\"{&quot;animation&quot;:&quot;fadeIn&quot;}\">\n\t\t\t\t\t\t<div class=\"elementor-container elementor-column-gap-default\">\n\t\t\t\t\t<div class=\"elementor-column elementor-col-100 elementor-top-column elementor-element elementor-element-90c97aa\" data-id=\"90c97aa\" data-element_type=\"column\" data-e-type=\"column\">\n\t\t\t<div class=\"elementor-widget-wrap elementor-element-populated\">\n\t\t\t\t\t\t<div class=\"elementor-element elementor-element-ebbfc1d elementor-widget elementor-widget-icon-box\" data-id=\"ebbfc1d\" data-element_type=\"widget\" data-e-type=\"widget\" data-widget_type=\"icon-box.default\">\n\t\t\t\t<div class=\"elementor-widget-container\">\n\t\t\t\t\t\t\t<div class=\"elementor-icon-box-wrapper\">\n\n\t\t\t\n\t\t\t\t\t\t<div class=\"elementor-icon-box-content\">\n\n\t\t\t\t\t\t\t\t\t<h3 class=\"elementor-icon-box-title\">\n\t\t\t\t\t\t<span  >\n\t\t\t\t\t\t\tPOSTELE BERNUSS D\u011aLAJ\u00cd DEN\t\t\t\t\t\t<\/span>\n\t\t\t\t\t<\/h3>\n\t\t\t\t\n\t\t\t\t\t\t\t\t\t<p class=\"elementor-icon-box-description\">\n\t\t\t\t\t\tV\u011bd\u011bli jste, \u017ee kvalitn\u00ed sp\u00e1nek dok\u00e1\u017ee zlep\u0161it soust\u0159ed\u011bn\u00ed a produktivitu, ale tak\u00e9 podpo\u0159it imunitu nebo zlep\u0161it sportovn\u00ed v\u00fdkony? Pokud toti\u017e chcete sv\u00e9 dny za\u010d\u00ednat pohodov\u00fdmi r\u00e1ny, mus\u00edte za\u010d\u00edt od z\u00e1klad\u016f \u2013 od kvalitn\u00ed postele. I proto je na\u0161\u00edm c\u00edlem p\u0159in\u00e1\u0161et ten nejzdrav\u011bj\u0161\u00ed sp\u00e1nek prost\u0159ednictv\u00edm pr\u00e9miov\u00fdch postel\u00ed z p\u0159\u00edrodn\u00edch materi\u00e1l\u016f, kter\u00e9 pom\u00e1haj\u00ed lidem vyspat se dor\u016f\u017eova a vst\u00e1vat s \u00fasm\u011bvem na tv\u00e1\u0159i.\t\t\t\t\t<\/p>\n\t\t\t\t\n\t\t\t<\/div>\n\t\t\t\n\t\t<\/div>\n\t\t\t\t\t\t<\/div>\n\t\t\t\t<\/div>\n\t\t\t\t\t<\/div>\n\t\t<\/div>\n\t\t\t\t\t<\/div>\n\t\t<\/section>\n\t\t\t\t<section class=\"elementor-section elementor-top-section elementor-element elementor-element-0017d20 elementor-section-full_width elementor-section-height-min-height elementor-section-height-default elementor-section-items-middle elementor-invisible\" data-id=\"0017d20\" data-element_type=\"section\" data-e-type=\"section\" data-settings=\"{&quot;background_background&quot;:&quot;classic&quot;,&quot;animation&quot;:&quot;fadeIn&quot;}\">\n\t\t\t\t\t\t\t<div class=\"elementor-background-overlay\"><\/div>\n\t\t\t\t\t\t\t<div class=\"elementor-container elementor-column-gap-default\">\n\t\t\t\t\t<div class=\"elementor-column elementor-col-100 elementor-top-column elementor-element elementor-element-fe7b582\" data-id=\"fe7b582\" data-element_type=\"column\" data-e-type=\"column\">\n\t\t\t<div class=\"elementor-widget-wrap\">\n\t\t\t\t\t\t\t<\/div>\n\t\t<\/div>\n\t\t\t\t\t<\/div>\n\t\t<\/section>\n\t\t<div class=\"elementor-element elementor-element-2e876ae e-flex e-con-boxed e-con e-parent\" data-id=\"2e876ae\" data-element_type=\"container\" data-e-type=\"container\">\n\t\t\t\t\t<div class=\"e-con-inner\">\n\t\t\t\t<div class=\"elementor-element elementor-element-d61b56a elementor-widget elementor-widget-text-editor\" data-id=\"d61b56a\" data-element_type=\"widget\" data-e-type=\"widget\" data-widget_type=\"text-editor.default\">\n\t\t\t\t<div class=\"elementor-widget-container\">\n\t\t\t\t\t\t\t\t\t<p data-start=\"61\" data-end=\"401\">Spole\u010dnost <strong data-start=\"72\" data-end=\"83\">Bernuss<\/strong> m\u00e1 sv\u00e9 showroomy v <strong data-start=\"103\" data-end=\"140\">Bratislav\u011b, Praze, Brn\u011b a Ostrav\u011b<\/strong>, kde si z\u00e1kazn\u00edci mohou osobn\u011b prohl\u00e9dnout a vyzkou\u0161et jej\u00ed produkty. Produkty Bernuss jsou dostupn\u00e9 tak\u00e9 v dal\u0161\u00edch partnersk\u00fdch m\u011bstech v \u010cesk\u00e9 republice. V showroomech Bernuss najdete p\u0159edev\u0161\u00edm luxusn\u00ed postele, matrace a dopl\u0148ky pro kvalitn\u00ed a zdrav\u00fd sp\u00e1nek.<\/p>\t\t\t\t\t\t\t\t<\/div>\n\t\t\t\t<\/div>\n\t\t\t\t\t<\/div>\n\t\t\t\t<\/div>\n\t\t\t\t<section class=\"elementor-section elementor-top-section elementor-element elementor-element-55d3a97 elementor-section-boxed elementor-section-height-default elementor-section-height-default elementor-invisible\" data-id=\"55d3a97\" data-element_type=\"section\" data-e-type=\"section\" data-settings=\"{&quot;animation&quot;:&quot;fadeIn&quot;}\">\n\t\t\t\t\t\t<div class=\"elementor-container elementor-column-gap-default\">\n\t\t\t\t\t<div class=\"elementor-column elementor-col-100 elementor-top-column elementor-element elementor-element-68835dc\" data-id=\"68835dc\" data-element_type=\"column\" data-e-type=\"column\">\n\t\t\t<div class=\"elementor-widget-wrap elementor-element-populated\">\n\t\t\t\t\t\t<div class=\"elementor-element elementor-element-67dae0f elementor-widget elementor-widget-heading\" data-id=\"67dae0f\" data-element_type=\"widget\" data-e-type=\"widget\" data-widget_type=\"heading.default\">\n\t\t\t\t<div class=\"elementor-widget-container\">\n\t\t\t\t\t<h2 class=\"elementor-heading-title elementor-size-default\">\nIN\u0160PIRUJTE SA GAL\u00c9RIOU <br>\nNA\u0160ICH POSTEL\u00cd NA MIERU<\/h2>\t\t\t\t<\/div>\n\t\t\t\t<\/div>\n\t\t\t\t\t<\/div>\n\t\t<\/div>\n\t\t\t\t\t<\/div>\n\t\t<\/section>\n\t\t\t\t<section class=\"elementor-section elementor-top-section elementor-element elementor-element-430a60e elementor-section-boxed elementor-section-height-default elementor-section-height-default elementor-invisible\" data-id=\"430a60e\" data-element_type=\"section\" data-e-type=\"section\" data-settings=\"{&quot;animation&quot;:&quot;fadeIn&quot;}\">\n\t\t\t\t\t\t<div class=\"elementor-container elementor-column-gap-default\">\n\t\t\t\t\t<div class=\"elementor-column elementor-col-100 elementor-top-column elementor-element elementor-element-0be029e\" data-id=\"0be029e\" data-element_type=\"column\" data-e-type=\"column\">\n\t\t\t<div class=\"elementor-widget-wrap elementor-element-populated\">\n\t\t\t\t\t\t<div class=\"elementor-element elementor-element-8bf4d1e elementor-widget elementor-widget-slider_revolution\" data-id=\"8bf4d1e\" data-element_type=\"widget\" data-e-type=\"widget\" data-widget_type=\"slider_revolution.default\">\n\t\t\t\t<div class=\"elementor-widget-container\">\n\t\t\t\t\t\n\t\t<div class=\"wp-block-themepunch-revslider\">\n\t\t\t\t<p class=\"rs-p-wp-fix\"><\/p>\n\t\t\t\t<sr7-module data-alias=\"furniture-store\" data-id=\"3\" id=\"SR7_3_1\" class=\"rs-ov-hidden\" data-version=\"6.7.32\">\n\t\t\t\t\t<sr7-adjuster><\/sr7-adjuster>\n\t\t\t\t\t<sr7-content>\n\t\t\t\t\t\t<sr7-slide id=\"SR7_3_1-7\" data-key=\"7\">\n\t\t\t\t\t\t\t<sr7-bg id=\"SR7_3_1-7-1\" class=\"sr7-layer\"><noscript><img decoding=\"async\" src=\"https:\/\/bernuss.com\/wp-content\/uploads\/2023\/08\/Grand_1_edit.jpeg\" alt=\"postel grand bernuss\" title=\"postel grand bernuss\"><\/noscript><\/sr7-bg>\n\t\t\t\t\t\t\t<sr7-txt id=\"SR7_3_1-7-0\" class=\"sr7-layer\">GRAND<\/sr7-txt>\n\t\t\t\t\t\t<\/sr7-slide>\n\t\t\t\t\t\t<sr7-slide id=\"SR7_3_1-8\" data-key=\"8\">\n\t\t\t\t\t\t\t<sr7-bg id=\"SR7_3_1-8-1\" class=\"sr7-layer\"><noscript><img decoding=\"async\" src=\"https:\/\/bernuss.com\/wp-content\/uploads\/2023\/09\/BERNUSS_PREMIUM_2_edit_II.png\" alt=\"postel premium bernuss\" title=\"postel premium bernuss\"><\/noscript><\/sr7-bg>\n\t\t\t\t\t\t\t<sr7-txt id=\"SR7_3_1-8-0\" class=\"sr7-layer\">PREMIUM<\/sr7-txt>\n\t\t\t\t\t\t<\/sr7-slide>\n\t\t\t\t\t\t<sr7-slide id=\"SR7_3_1-9\" data-key=\"9\">\n\t\t\t\t\t\t\t<sr7-bg id=\"SR7_3_1-9-1\" class=\"sr7-layer\"><noscript><img decoding=\"async\" src=\"https:\/\/bernuss.com\/wp-content\/uploads\/2023\/09\/Deluxe_1_edit_II.png\" alt=\"postel deluxe bernuss\" title=\"postel deluxe bernuss\"><\/noscript><\/sr7-bg>\n\t\t\t\t\t\t\t<sr7-txt id=\"SR7_3_1-9-0\" class=\"sr7-layer\">DELUXE<\/sr7-txt>\n\t\t\t\t\t\t<\/sr7-slide>\n\t\t\t\t\t\t<sr7-slide id=\"SR7_3_1-28\" data-key=\"28\">\n\t\t\t\t\t\t\t<sr7-bg id=\"SR7_3_1-28-1\" class=\"sr7-layer\"><noscript><img decoding=\"async\" src=\"https:\/\/bernuss.com\/wp-content\/uploads\/2023\/09\/BERNUSS_CLASSIC_edit_II.png\" alt=\"postel classic bernuss\" title=\"postel classic bernuss\"><\/noscript><\/sr7-bg>\n\t\t\t\t\t\t\t<sr7-txt id=\"SR7_3_1-28-0\" class=\"sr7-layer\">CLASSIC<\/sr7-txt>\n\t\t\t\t\t\t<\/sr7-slide>\n\t\t\t\t\t\t<sr7-slide id=\"SR7_3_1-44\" data-key=\"44\">\n\t\t\t\t\t\t<\/sr7-slide>\n\t\t\t\t\t<\/sr7-content>\n\t\t\t\t\t<image_lists style=\"display:none\">\n\t\t\t\t\t\t<img data-src=\"\/\/bernuss.com\/wp-content\/uploads\/2023\/08\/Grand_1_edit.jpeg\" data-libid=\"8713\" data-lib=\"medialibrary\" alt=\"postel grand bernuss\" title=\"postel grand bernuss\" width=\"0\" height=\"0\" data-dbsrc=\"Ly9iZXJudXNzLmNvbS93cC1jb250ZW50L3VwbG9hZHMvMjAyMy8wOC9HcmFuZF8xX2VkaXQuanBlZw==\"\/>\n\t\t\t\t\t\t<img data-src=\"\/\/bernuss.com\/wp-content\/uploads\/2023\/09\/BERNUSS_PREMIUM_2_edit_II.png\" data-libid=\"8899\" data-lib=\"medialibrary\" alt=\"postel premium bernuss\" title=\"postel premium bernuss\" width=\"0\" height=\"0\" data-dbsrc=\"Ly9iZXJudXNzLmNvbS93cC1jb250ZW50L3VwbG9hZHMvMjAyMy8wOS9CRVJOVVNTX1BSRU1JVU1fMl9lZGl0X0lJLnBuZw==\"\/>\n\t\t\t\t\t\t<img data-src=\"\/\/bernuss.com\/wp-content\/uploads\/2023\/09\/Deluxe_1_edit_II.png\" data-libid=\"8897\" data-lib=\"medialibrary\" alt=\"postel deluxe bernuss\" title=\"postel deluxe bernuss\" width=\"0\" height=\"0\" data-dbsrc=\"Ly9iZXJudXNzLmNvbS93cC1jb250ZW50L3VwbG9hZHMvMjAyMy8wOS9EZWx1eGVfMV9lZGl0X0lJLnBuZw==\"\/>\n\t\t\t\t\t\t<img loading=\"lazy\" data-src=\"\/\/bernuss.com\/wp-content\/uploads\/2023\/09\/BERNUSS_CLASSIC_edit_II.png\" data-libid=\"8900\" data-lib=\"medialibrary\" alt=\"postel classic bernuss\" title=\"postel classic bernuss\" width=\"0\" height=\"0\" data-dbsrc=\"Ly9iZXJudXNzLmNvbS93cC1jb250ZW50L3VwbG9hZHMvMjAyMy8wOS9CRVJOVVNTX0NMQVNTSUNfZWRpdF9JSS5wbmc=\"\/>\n\t\t\t\t\t<\/image_lists>\n\t\t\t\t<\/sr7-module>\n\t\t\t\t<script>\n\t\t\t\t\tSR7.PMH ??={}; SR7.PMH[\"SR7_3_1\"] = {cn:100,state:false,fn: function() { if (_tpt!==undefined && _tpt.prepareModuleHeight !== undefined) {  _tpt.prepareModuleHeight({id:\"SR7_3_1\",el:[670,670,523,680,535],type:'standard',shdw:'0',gh:[670,670,523,680,535],gw:[1240,1240,1024,778,480],vpt:['-100px&#039;,&#039;-100px&#039;,&#039;-100px&#039;,&#039;-100px&#039;,&#039;-100px'],size:{fullWidth:false, fullHeight:false},mh:'0',onh:0,onw:0,bg:{color:'{\"orig\":\"transparent\",\"type\":\"solid\",\"string\":\"transparent\"}'}});   SR7.PMH[\"SR7_3_1\"].state=true;} else if(SR7.PMH[\"SR7_3_1\"].cn-->0)\tsetTimeout( SR7.PMH[\"SR7_3_1\"].fn,19);}};SR7.PMH[\"SR7_3_1\" ].fn();\n\t\t\t\t<\/script>\n<\/div>\n\n\t\t\t\t\t\t<\/div>\n\t\t\t\t<\/div>\n\t\t\t\t\t<\/div>\n\t\t<\/div>\n\t\t\t\t\t<\/div>\n\t\t<\/section>\n\t\t\t\t<\/div>\n\t\t","protected":false},"excerpt":{"rendered":"<p>SEZNAMTE SE S P\u0158\u00cdB\u011aHEM SLOVENSK\u00ddCH POSTEL\u00cd BERNUSS Posl\u00e1n\u00ed NA\u0160\u00cdM POSL\u00c1N\u00cdM JE ZDRAV\u00dd SP\u00c1NEK P\u0159\u00edb\u011bh postel\u00ed Bernuss se za\u010dal ps\u00e1t d\u00e1vno [&hellip;]<\/p>\n","protected":false},"author":2,"featured_media":0,"parent":0,"menu_order":0,"comment_status":"closed","ping_status":"closed","template":"elementor_theme","meta":{"site-sidebar-layout":"default","site-content-layout":"","ast-site-content-layout":"full-width-container","site-content-style":"default","site-sidebar-style":"default","ast-global-header-display":"","ast-banner-title-visibility":"","ast-main-header-display":"","ast-hfb-above-header-display":"","ast-hfb-below-header-display":"","ast-hfb-mobile-header-display":"","site-post-title":"disabled","ast-breadcrumbs-content":"","ast-featured-img":"","footer-sml-layout":"","ast-disable-related-posts":"","theme-transparent-header-meta":"","adv-header-id-meta":"","stick-header-meta":"","header-above-stick-meta":"","header-main-stick-meta":"","header-below-stick-meta":"","astra-migrate-meta-layouts":"default","ast-page-background-enabled":"default","ast-page-background-meta":{"desktop":{"background-color":"var(--ast-global-color-5)","background-image":"","background-repeat":"repeat","background-position":"center center","background-size":"auto","background-attachment":"scroll","background-type":"","background-media":"","overlay-type":"","overlay-color":"","overlay-opacity":"","overlay-gradient":""},"tablet":{"background-color":"","background-image":"","background-repeat":"repeat","background-position":"center center","background-size":"auto","background-attachment":"scroll","background-type":"","background-media":"","overlay-type":"","overlay-color":"","overlay-opacity":"","overlay-gradient":""},"mobile":{"background-color":"","background-image":"","background-repeat":"repeat","background-position":"center center","background-size":"auto","background-attachment":"scroll","background-type":"","background-media":"","overlay-type":"","overlay-color":"","overlay-opacity":"","overlay-gradient":""}},"ast-content-background-meta":{"desktop":{"background-color":"var(--ast-global-color-4)","background-image":"","background-repeat":"repeat","background-position":"center center","background-size":"auto","background-attachment":"scroll","background-type":"","background-media":"","overlay-type":"","overlay-color":"","overlay-opacity":"","overlay-gradient":""},"tablet":{"background-color":"var(--ast-global-color-4)","background-image":"","background-repeat":"repeat","background-position":"center center","background-size":"auto","background-attachment":"scroll","background-type":"","background-media":"","overlay-type":"","overlay-color":"","overlay-opacity":"","overlay-gradient":""},"mobile":{"background-color":"var(--ast-global-color-4)","background-image":"","background-repeat":"repeat","background-position":"center center","background-size":"auto","background-attachment":"scroll","background-type":"","background-media":"","overlay-type":"","overlay-color":"","overlay-opacity":"","overlay-gradient":""}},"footnotes":""},"class_list":["post-9908","page","type-page","status-publish","hentry"],"_links":{"self":[{"href":"https:\/\/bernuss.com\/cs\/wp-json\/wp\/v2\/pages\/9908","targetHints":{"allow":["GET"]}}],"collection":[{"href":"https:\/\/bernuss.com\/cs\/wp-json\/wp\/v2\/pages"}],"about":[{"href":"https:\/\/bernuss.com\/cs\/wp-json\/wp\/v2\/types\/page"}],"author":[{"embeddable":true,"href":"https:\/\/bernuss.com\/cs\/wp-json\/wp\/v2\/users\/2"}],"replies":[{"embeddable":true,"href":"https:\/\/bernuss.com\/cs\/wp-json\/wp\/v2\/comments?post=9908"}],"version-history":[{"count":19,"href":"https:\/\/bernuss.com\/cs\/wp-json\/wp\/v2\/pages\/9908\/revisions"}],"predecessor-version":[{"id":15240,"href":"https:\/\/bernuss.com\/cs\/wp-json\/wp\/v2\/pages\/9908\/revisions\/15240"}],"wp:attachment":[{"href":"https:\/\/bernuss.com\/cs\/wp-json\/wp\/v2\/media?parent=9908"}],"curies":[{"name":"wp","href":"https:\/\/api.w.org\/{rel}","templated":true}]}}